{"id":6,"date":"2021-02-23T12:08:29","date_gmt":"2021-02-23T11:08:29","guid":{"rendered":"https:\/\/flygmaskincom.wordpress.com\/?page_id=6"},"modified":"2026-01-22T13:37:55","modified_gmt":"2026-01-22T12:37:55","slug":"home","status":"publish","type":"page","link":"https:\/\/www.flygmaskin.be\/","title":{"rendered":""},"content":{"rendered":"\n<div class=\"wp-block-cover alignfull has-background-dim-10 has-background-dim has-parallax\" style=\"background-image:url(http:\/\/www.flygmaskin.be\/wp-content\/uploads\/2024\/01\/panorama-3-A4-scaled.jpeg);min-height:629px\"><div class=\"wp-block-cover__inner-container\">\n<div class=\"wp-block-jetpack-layout-grid alignfull column1-desktop-grid__span-8 column1-desktop-grid__start-3 column1-desktop-grid__row-1 column1-tablet-grid__span-8 column1-tablet-grid__row-1 column1-mobile-grid__span-4 column1-mobile-grid__row-1\">\n<div class=\"wp-block-jetpack-layout-grid-column wp-block-jetpack-layout-grid__padding-none\">\n<p class=\"has-text-align-left has-tertiary-color has-text-color has-huge-font-size\" style=\"line-height:0\"><strong>Flygmaskin<\/strong> <\/p>\n\n\n\n<p class=\"has-text-align-left has-background-color has-text-color\" style=\"line-height:1\">litt\u00e9ralement machine volante. <\/p>\n\n\n\n<p class=\"has-text-align-left\">On peut y lire le souffle du vent, un voyage qui prend soin de ce qui se d\u00e9robe au visible. On peut y entendre l\u2019appel sensible de l\u2019errance. La machine, c\u2019est le son, pr\u00e9cis, fluide. Le combustible? Ce m\u00e9lange singulier des claviers, les dialogues essentiels entre l\u2019accord\u00e9oniste, le clavi\u00e9riste, la po\u00e9sie et le silence.<\/p>\n\n\n\n<p class=\"has-text-align-left\">Une invitation subtile \u00e0 respirer, \u00e0 prendre le large.<\/p>\n\n\n\n<p class=\"has-text-align-left has-foreground-color has-text-color\" style=\"line-height:1.2\">                                                       <\/p>\n\n\n\n<p class=\"has-tertiary-color has-text-color has-large-font-size\" style=\"line-height:0\"><strong>S\u00e9bastien<\/strong> <strong>Willemyns<\/strong> <\/p>\n\n\n\n<p class=\"has-tertiary-color has-text-color has-small-font-size\" style=\"line-height:0\"><strong>Claviers (Fender Rhodes, Philicorda, Piano) &#8211; Violon &#8211; Composition<\/strong><\/p>\n\n\n\n<p class=\"has-tertiary-color has-text-color has-large-font-size\" style=\"line-height:0\"><strong>Julien De Borman <\/strong><\/p>\n\n\n\n<p class=\"has-tertiary-color has-text-color has-small-font-size\" style=\"line-height:0\"><strong>Accord\u00e9on Diatonique &#8211; Composition<\/strong><\/p>\n<\/div>\n<\/div>\n\n\n\n<p><a href=\"https:\/\/linktr.ee\/flygmaskin\">https:\/\/linktr.ee\/flygmaskn<\/a><\/p>\n<\/div><\/div>\n\n\n\n<p class=\"has-text-align-right\">photo: \u00a9C\u00e9cile de Borman<\/p>\n\n\n\n<p><a href=\"https:\/\/linktr.ee\/flygmaskin\">https:\/\/linktr.ee\/flygmaskin<\/a><\/p>\n\n\n\n<p>Ecoutez notre NOUVEL ALBUM: <a href=\"https:\/\/absil.one\/ianchelevici.ois?fbclid=IwY2xjawHt619leHRuA2FlbQIxMAABHaztLC1rsoEu86mK1AyhSAOYzeEPEIITuI51IaZB7Iirm0XW-94RR0sKig_aem_DwtSH63JPlCg47djgjnpTA\" target=\"_blank\" rel=\"noreferrer noopener\">IANCHELEVICI<\/a> (<a rel=\"noreferrer noopener\" href=\"http:\/\/\ud83d\udcc0 https:\/\/www.igloorecords.be\/album\/flygmaskin-ianchelevici\/\" target=\"_blank\">IGLO<\/a><a href=\"http:\/\/\ud83d\udcc0 https:\/\/www.igloorecords.be\/album\/flygmaskin-ianchelevici\/\" target=\"_blank\" rel=\"noreferrer noopener\">O<\/a><a rel=\"noreferrer noopener\" href=\"http:\/\/\ud83d\udcc0 https:\/\/www.igloorecords.be\/album\/flygmaskin-ianchelevici\/\" target=\"_blank\"> records<\/a>)<\/p>\n\n\n\n<figure class=\"wp-block-image size-large\"><a href=\"https:\/\/absil.one\/ianchelevici.ois?fbclid=IwY2xjawHt619leHRuA2FlbQIxMAABHaztLC1rsoEu86mK1AyhSAOYzeEPEIITuI51IaZB7Iirm0XW-94RR0sKig_aem_DwtSH63JPlCg47djgjnpTA\"><img loading=\"lazy\" width=\"398\" height=\"357\" src=\"http:\/\/www.flygmaskin.be\/wp-content\/uploads\/2025\/01\/cover-ianchelevici.jpg\" alt=\"\" class=\"wp-image-587\" srcset=\"https:\/\/www.flygmaskin.be\/wp-content\/uploads\/2025\/01\/cover-ianchelevici.jpg 398w, https:\/\/www.flygmaskin.be\/wp-content\/uploads\/2025\/01\/cover-ianchelevici-300x269.jpg 300w\" sizes=\"(max-width: 398px) 100vw, 398px\" \/><\/a><\/figure>\n\n\n\n<p><p>Ecoutez <a href=\"https:\/\/orcd.co\/flygmaskinderive?fbclid=IwAR3MaZchWa1ztTOpsCZMu-FB9Xrt7x_aZrJzOYZfs5fK9XnlUDG2WoaABK4\" target=\"_blank\" rel=\"noreferrer noopener\">D\u00e9rive<\/a> (<a rel=\"noreferrer noopener\" href=\"https:\/\/labelcypres.com\/2023\/05\/24\/cyp0619-flygmaskin-derive\/\" target=\"_blank\">Cypres records<\/a>) <\/p><figure class=\"wp-block-image size-large is-resized\"><a href=\"https:\/\/orcd.co\/flygmaskinderive?fbclid=IwAR3MaZchWa1ztTOpsCZMu-FB9Xrt7x_aZrJzOYZfs5fK9XnlUDG2WoaABK4\" target=\"_blank\" rel=\"noreferrer noopener\"><img loading=\"lazy\" width=\"398\" height=\"398\" src=\"http:\/\/www.flygmaskin.be\/wp-content\/uploads\/2025\/01\/cover-derive.jpg\" alt=\"\" class=\"wp-image-590\" srcset=\"https:\/\/www.flygmaskin.be\/wp-content\/uploads\/2025\/01\/cover-derive.jpg 600w, https:\/\/www.flygmaskin.be\/wp-content\/uploads\/2025\/01\/cover-derive-300x300.jpg 300w, https:\/\/www.flygmaskin.be\/wp-content\/uploads\/2025\/01\/cover-derive-150x150.jpg 150w\" sizes=\"(max-width: 398px) 100vw, 398px\" \/><\/a><\/figure>   <p>\u00ab On part d\u2019embl\u00e9e, pas besoin de s\u2019accrocher, la musique vous prend, vous propose une visite d\u2019univers sugg\u00e9r\u00e9s, d\u2019envers de d\u00e9cors, loin des coulisses des ronronnements acad\u00e9miques. \u00bb Etienne Bours, <a rel=\"noreferrer noopener\" href=\"https:\/\/www.5planetes.com\/fr\/disques\/flygmaskin-derive?fbclid=IwAR1l7gjobieU55_7NswVBSayh6DAnSNq3GdybruVLvBp26MpGKq15BKY6Jo\" data-type=\"URL\" data-id=\"https:\/\/www.5planetes.com\/fr\/disques\/flygmaskin-derive?fbclid=IwAR1l7gjobieU55_7NswVBSayh6DAnSNq3GdybruVLvBp26MpGKq15BKY6Jo\" target=\"_blank\">5 Planetes<\/a><\/p>   <p>En 2021, pour les concerts -souvent au casque-, <strong>Muriel<\/strong>, po\u00e9tesse du quotidien, tisseuse d&rsquo;images, les rejoint pour construire avec eux une nouvelle version de leur projet, en trio.<\/p>   <figure class=\"wp-block-embed is-type-video is-provider-youtube wp-block-embed-youtube wp-embed-aspect-16-9 wp-has-aspect-ratio\"><div class=\"wp-block-embed__wrapper\"> https:\/\/youtu.be\/xtQLOPM2KfA <\/div><figcaption>Concert au casque film\u00e9 \u00e0 Li\u00e8ge \/ mai 2024<br>Camera &amp; montage &#8211; Antoine Lanckmans<br>Son &#8211; Renaud Carton<br><br>pour une meilleure \u00e9coute, privil\u00e9giez un casque!<\/figcaption><\/figure>   <figure class=\"wp-block-image size-large\"><img loading=\"lazy\" width=\"597\" height=\"642\" src=\"http:\/\/www.flygmaskin.be\/wp-content\/uploads\/2023\/09\/le-mad-flygmaskin.jpg\" alt=\"\" class=\"wp-image-507\" srcset=\"https:\/\/www.flygmaskin.be\/wp-content\/uploads\/2023\/09\/le-mad-flygmaskin.jpg 597w, https:\/\/www.flygmaskin.be\/wp-content\/uploads\/2023\/09\/le-mad-flygmaskin-279x300.jpg 279w\" sizes=\"(max-width: 597px) 100vw, 597px\" \/><\/figure>   <div class=\"wp-block-group alignfull has-background-background-color has-background\"><div class=\"wp-block-group__inner-container\"> <div class=\"wp-block-group alignfull\"><div class=\"wp-block-group__inner-container\"> <div class=\"wp-block-jetpack-layout-grid alignfull column1-desktop-grid__span-12 column1-desktop-grid__row-1 column1-tablet-grid__span-8 column1-tablet-grid__row-1 column1-mobile-grid__span-4 column1-mobile-grid__row-1\"> <div class=\"wp-block-jetpack-layout-grid-column wp-block-jetpack-layout-grid__padding-none is-vertically-aligned-center\"> <\/div> <\/div><\/div>   <div class=\"wp-block-cover alignfull has-foreground-background-color has-background-dim\" style=\"min-height:130px\"><div class=\"wp-block-cover__inner-container\"> <p class=\"has-text-align-center has-large-font-size\">Booking \/ Contact<\/p>   <p class=\"has-text-align-center\" style=\"line-height:0.4\">Flygmaskin.music@gmail.com<\/p>   <p class=\"has-text-align-center\" style=\"line-height:0.4\">+32 494 37 80 82<\/p>   <p class=\"has-text-align-center\" style=\"line-height:0.4\"><a href=\"https:\/\/www.facebook.com\/Flygmaskin-499287503447846\">Facebook<\/a><\/p> <\/div><\/div> <\/div><\/div> <\/p>\n","protected":false},"excerpt":{"rendered":"<p>Flygmaskin &#8211; Duo de musique a\u00e9rienne organique<\/p>\n","protected":false},"author":2,"featured_media":488,"parent":0,"menu_order":1,"comment_status":"closed","ping_status":"closed","template":"","meta":[],"_links":{"self":[{"href":"https:\/\/www.flygmaskin.be\/index.php\/wp-json\/wp\/v2\/pages\/6"}],"collection":[{"href":"https:\/\/www.flygmaskin.be\/index.php\/wp-json\/wp\/v2\/pages"}],"about":[{"href":"https:\/\/www.flygmaskin.be\/index.php\/wp-json\/wp\/v2\/types\/page"}],"author":[{"embeddable":true,"href":"https:\/\/www.flygmaskin.be\/index.php\/wp-json\/wp\/v2\/users\/2"}],"replies":[{"embeddable":true,"href":"https:\/\/www.flygmaskin.be\/index.php\/wp-json\/wp\/v2\/comments?post=6"}],"version-history":[{"count":50,"href":"https:\/\/www.flygmaskin.be\/index.php\/wp-json\/wp\/v2\/pages\/6\/revisions"}],"predecessor-version":[{"id":627,"href":"https:\/\/www.flygmaskin.be\/index.php\/wp-json\/wp\/v2\/pages\/6\/revisions\/627"}],"wp:featuredmedia":[{"embeddable":true,"href":"https:\/\/www.flygmaskin.be\/index.php\/wp-json\/wp\/v2\/media\/488"}],"wp:attachment":[{"href":"https:\/\/www.flygmaskin.be\/index.php\/wp-json\/wp\/v2\/media?parent=6"}],"curies":[{"name":"wp","href":"https:\/\/api.w.org\/{rel}","templated":true}]}}